{"id":140,"date":"2020-04-29T16:28:14","date_gmt":"2020-04-29T16:28:14","guid":{"rendered":"https:\/\/gruporeforest.webs.upv.es\/?page_id=140"},"modified":"2024-04-18T12:59:04","modified_gmt":"2024-04-18T11:59:04","slug":"nacionales","status":"publish","type":"page","link":"https:\/\/gruporeforest.webs.upv.es\/index.php\/nacionales\/","title":{"rendered":"Nacionales"},"content":{"rendered":"\t\t<div data-elementor-type=\"wp-page\" data-elementor-id=\"140\" class=\"elementor elementor-140\">\n\t\t\t\t\t\t<section class=\"elementor-section elementor-top-section elementor-element elementor-element-137abf9 elementor-section-boxed elementor-section-height-default elementor-section-height-default\" data-id=\"137abf9\" data-element_type=\"section\" data-e-type=\"section\">\n\t\t\t\t\t\t<div class=\"elementor-container elementor-column-gap-default\">\n\t\t\t\t\t<div class=\"elementor-column elementor-col-100 elementor-top-column elementor-element elementor-element-747df7b\" data-id=\"747df7b\" data-element_type=\"column\" data-e-type=\"column\">\n\t\t\t<div class=\"elementor-widget-wrap elementor-element-populated\">\n\t\t\t\t\t\t<div class=\"elementor-element elementor-element-5373046 elementor-widget elementor-widget-heading\" data-id=\"5373046\" data-element_type=\"widget\" data-e-type=\"widget\" data-widget_type=\"heading.default\">\n\t\t\t\t<div class=\"elementor-widget-container\">\n\t\t\t\t\t<h2 class=\"elementor-heading-title elementor-size-default\">Proyectos y Convenios Nacionales<\/h2>\t\t\t\t<\/div>\n\t\t\t\t<\/div>\n\t\t\t\t\t<\/div>\n\t\t<\/div>\n\t\t\t\t\t<\/div>\n\t\t<\/section>\n\t\t\t\t<section class=\"elementor-section elementor-top-section elementor-element elementor-element-bbdfc94 elementor-section-boxed elementor-section-height-default elementor-section-height-default\" data-id=\"bbdfc94\" data-element_type=\"section\" data-e-type=\"section\">\n\t\t\t\t\t\t<div class=\"elementor-container elementor-column-gap-default\">\n\t\t\t\t\t<div class=\"elementor-column elementor-col-100 elementor-top-column elementor-element elementor-element-bf392d1\" data-id=\"bf392d1\" data-element_type=\"column\" data-e-type=\"column\">\n\t\t\t<div class=\"elementor-widget-wrap elementor-element-populated\">\n\t\t\t\t\t\t<div class=\"elementor-element elementor-element-3547f06 elementor-widget elementor-widget-text-editor\" data-id=\"3547f06\" data-element_type=\"widget\" data-e-type=\"widget\" data-widget_type=\"text-editor.default\">\n\t\t\t\t<div class=\"elementor-widget-container\">\n\t\t\t\t\t\t\t\t\t<p>14. Campo Garc\u00eda, Antonio D\u00e1maso Del (I.P.); Lid\u00f3n, Antonio; P\u00e9rez-Romero, Javier; Blanco-Cano, Laura; Lull, Cristina; Arnal-Roig, Laura; Gonz\u00e1lez-Sanchis, Mar\u00eda del Carmen. Adaptive management of Mediterranean Pinus halepensis forests in the face of climate change (LIFE20 CCA\/ES\/001809). (01\/09\/21 &#8211; 31\/08\/25).Apoyo competitivo a la transferencia y difusi\u00f3n de tecnolog\u00eda. COMISION DE LAS COMUNIDADES EUROPEA. &#8212;&nbsp;<span style=\"font-weight: 700;\">Enlace web<\/span>:&nbsp;<a href=\"https:\/\/adaptaleppo.eu\/\" target=\"_blank\" rel=\"noopener\" style=\"background-color: rgb(255, 255, 255); transition-property: all; font-family: var( --e-global-typography-text-font-family ), Times; font-weight: var( --e-global-typography-text-font-weight );\">https:\/\/adaptaleppo.eu\/<\/a><\/p>\n<p>13. &nbsp;Campo Garc\u00eda, Antonio D\u00e1maso Del (I.P.).&nbsp;<strong>Red Espa\u00f1ola de Selvicultura Adaptativa al Cambio Climatico(RED2018-102719-T).<\/strong> (01\/01\/20 &#8211; 01\/01\/22).Investigaci\u00f3n competitiva proyectos. AGENCIA ESTATAL DE INVESTIGACION.<\/p>\n<p>12. &nbsp;Campo Garc\u00eda, Antonio D\u00e1maso Del (I.P.) &nbsp;Molina Herrera, Antonio.&nbsp;Contrato Postdoctoral Gva-Molina Herrera. Proyecto:<strong> Adaptive Management Of Mediterranean Watersheds Under Projected Climate(APOSTD\/2019\/111).<\/strong> (01\/09\/19 &#8211; 01\/09\/21).Financiaci\u00f3n RRHH. GENERALITAT VALENCIANA.<\/p>\n<p>11. &nbsp;Campo Garc\u00eda, Antonio D\u00e1maso Del (I.P.) &nbsp;Lid\u00f3n, Antonio &nbsp;Molina Herrera, Antonio &nbsp;Garc\u00eda-Soro, Juan Miguel &nbsp;Gonz\u00e1lez-Sanchis, Mar\u00eda del Carmen &nbsp;Garcia-Prats, Alberto.<strong>&nbsp;Incorporacion de Criterios Eco-Hidrologicos y de Resilencia Frente a Perturbaciones Climaticas y del Fuego en la Planificacion y Gestion Forestal de Cuencas Mediterraneas(CGL2017-86839-C3-2-R-AR).<\/strong> (01\/01\/18 &#8211; 01\/01\/21).Investigaci\u00f3n competitiva proyectos. AGENCIA ESTATAL DE INVESTIGACION.<\/p>\n<p>10. &nbsp;Campo Garc\u00eda, Antonio D\u00e1maso Del (I.P.) &nbsp;Bautista, Inmaculada &nbsp;Lid\u00f3n, Antonio &nbsp;Cristina Lull &nbsp;Gonz\u00e1lez-Sanchis, Mar\u00eda del Carmen &nbsp;Garcia-Prats, Alberto.&nbsp;<strong>Desarrollo de Conceptos y Criterios para Una Gestion Forestal de Base Ecohidrologica Como Medida de Adaptacion al Cambio Global (Silwamed)(CGL2014-58127-C3-2-R-AR).<\/strong> (01\/01\/15 &#8211; 01\/07\/18).Investigaci\u00f3n competitiva proyectos. MINISTERIO DE ECONOMIA Y EMPRESA.<\/p>\n<p>9. &nbsp;Campo Garc\u00eda, Antonio D\u00e1maso Del (I.P.) &nbsp;Lid\u00f3n, Antonio &nbsp;Bautista, Inmaculada &nbsp;Cristina Lull &nbsp;Lado Monserrat, Luis &nbsp;Gonz\u00e1lez-Sanchis, Mar\u00eda del Carmen &nbsp;Garcia-Prats, Alberto.&nbsp;<strong>Caracterizacion Hidrologica de la Estructura Forestal a Escala Parcela para la Implementacion de Silvicultura Adaptativa(CGL2011-28776-C02-02).<\/strong> (01\/01\/12 &#8211; 31\/07\/15).Investigaci\u00f3n competitiva proyectos. MINISTERIO DE ECONOMIA Y EMPRESA.<\/p>\n<p>8. &nbsp;Campo Garc\u00eda, Antonio D\u00e1maso Del (I.P.) &nbsp;Mulet, Jos\u00e9 Miguel &nbsp;Serrano Salom, Ram\u00f3n &nbsp;Hermoso de Mena, Javier.<strong>&nbsp;Aplicacion de Tecnicas de Biologia Molecular a la Restauracion Forestal en Ambientes Mediterraneos(2776).<\/strong> (01\/12\/11 &#8211; 01\/12\/12).Investigaci\u00f3n competitiva proyectos. UNIVERSIDAD POLITECNICA DE VALENCIA.<\/p>\n<p>7. &nbsp;Campo Garc\u00eda, Antonio D\u00e1maso Del (I.P.).&nbsp;<strong>Mantenimiento de Reuniones y Encuentros para Elaboracion de Una Propuesta Sobre Restauracion y Gestion de Cuencas Andino-Amazonicas para Presentar en el Vii Programa Marco de la Ue &nbsp;Universidad Nacional Agraria la Molina Peru(C\/5759\/06).<\/strong> (23\/01\/07 &#8211; 23\/01\/08).Otras acciones de I+D competitivas. MINISTERIO DE ASUNTOS EXTERIORES.<\/p>\n<p>6. &nbsp;Campo Garc\u00eda, Antonio D\u00e1maso Del (I.P.) &nbsp;Aguilella Segura, Anna &nbsp;L\u00f3pez Sard\u00e1, M\u00aa Leticia &nbsp;Torrent Bravo, Jos\u00e9 Andr\u00e9s &nbsp;T\u00e1rraga Pina, Raquel &nbsp;Albert Lozano, Jos\u00e9 Vicente &#8230; Garcia-Prats, Alberto.&nbsp;<strong>Influencia del Dise\u00f1o de Tubos Protectores en la Magnitud del Aporte Hidrico por Condenacion&nbsp;(GV06\/128).<\/strong> (01\/01\/06 &#8211; 01\/01\/08).Proyectos de investigaci\u00f3n de grupos emergentes. GENERALITAT VALENCIANA.<\/p>\n<p>5. &nbsp;Campo Garc\u00eda, Antonio D\u00e1maso Del (I.P.) &nbsp;L\u00f3pez Sard\u00e1, M\u00aa Leticia &nbsp;Torrent Bravo, Jos\u00e9 Andr\u00e9s &nbsp;Garcia-Prats, Alberto.&nbsp;<strong>Empleo de Tubos Protectores con Alta Capacidad de Condensacion de Agua para la Mejora del Establecimiento de Plantaciones Forestales en Peru &nbsp;Universidad Nacional Agraria la Molina (Peru)(A\/2611\/05).<\/strong> (16\/12\/05 &#8211; 16\/12\/06).Proyectos de investigaci\u00f3n con coordinador. MINISTERIO DE ASUNTOS EXTERIORES.<\/p>\n<p>4. &nbsp;Torrent Bravo, Jos\u00e9 Andr\u00e9s (I.P.) &nbsp;Campo Garc\u00eda, Antonio D\u00e1maso Del &nbsp;L\u00f3pez Sard\u00e1, M\u00aa Leticia &nbsp;Garcia-Prats, Alberto.&nbsp;Ordenacion, <strong>Gestion y Restauracion Hidrologica de Cuencas en Peru (Casos en las Cuencas de los Rios Ica y Pachitea) y Contitucion de Un Centro de Educacion y Capacitacion para la Formacion De(A\/1531\/04).<\/strong> (01\/10\/04 &#8211; 01\/10\/05).Proyectos de investigaci\u00f3n. MINISTERIO DE ASUNTOS EXTERIORES.<\/p>\n<p>3. &nbsp;Campo Garc\u00eda, Antonio D\u00e1maso Del.&nbsp;<strong>\u00bfInvestigaci\u00f3n y Desarrollo tecnol\u00f3gico de procesos de compostaje y aplicaci\u00f3n del compost en los sectores agr\u00edcola y forestal\u00bf(202\/11998\/P\/00).<\/strong> (01\/06\/97 &#8211; 31\/05\/00).Proyectos de investigaci\u00f3n. Consejer\u00eda Medio Ambiente. Junta Andaluc\u00eda.<\/p>\n<p>2. &nbsp;Campo Garc\u00eda, Antonio D\u00e1maso Del.&nbsp;<strong>Definici\u00f3n del ciclo de producci\u00f3n de cuatro especies forestales (Quercus ilex L., Pinus pinea L., Ceratonia siliqua L. y Olea europaea L. var. sylvestris) de especial importancia en los programas de forestaci\u00f3n en tierras agrarias en Andaluc\u00eda.(FO96-006).<\/strong> (01\/01\/97 &#8211; 31\/12\/97).Proyectos de investigaci\u00f3n. CICYT-INIA.<\/p>\n<p>1. &nbsp;Campo Garc\u00eda, Antonio D\u00e1maso Del.&nbsp;<strong>Estudio de la eficacia protectora frente a las inundaciones de las t\u00e9cnicas de repoblaci\u00f3n forestal a aplicar en las cuencas vertientes a la ciudad de M\u00e1laga(FOR &#8211; 1005-CO2 &#8211; 01).<\/strong> (01\/01\/94 &#8211; 31\/12\/95).Proyectos de investigaci\u00f3n. ICONA (PROYECTO LUCDEME)<\/p>\t\t\t\t\t\t\t\t<\/div>\n\t\t\t\t<\/div>\n\t\t\t\t\t<\/div>\n\t\t<\/div>\n\t\t\t\t\t<\/div>\n\t\t<\/section>\n\t\t\t\t<\/div>\n\t\t","protected":false},"excerpt":{"rendered":"<p>Proyectos y Convenios Nacionales 14. Campo Garc\u00eda, Antonio D\u00e1maso Del (I.P.); Lid\u00f3n, Antonio; P\u00e9rez-Romero, Javier; Blanco-Cano, Laura; Lull, Cristina; Arnal-Roig, Laura; Gonz\u00e1lez-Sanchis, Mar\u00eda del Carmen. Adaptive management of Mediterranean Pinus halepensis forests in the face of climate change (LIFE20 CCA\/ES\/001809). (01\/09\/21 &#8211; 31\/08\/25).Apoyo competitivo a la transferencia y difusi\u00f3n de tecnolog\u00eda. COMISION DE LAS COMUNIDADES&hellip;<\/p>\n","protected":false},"author":1,"featured_media":0,"parent":0,"menu_order":0,"comment_status":"closed","ping_status":"closed","template":"","meta":{"footnotes":""},"class_list":["post-140","page","type-page","status-publish","hentry"],"_links":{"self":[{"href":"https:\/\/gruporeforest.webs.upv.es\/index.php\/wp-json\/wp\/v2\/pages\/140","targetHints":{"allow":["GET"]}}],"collection":[{"href":"https:\/\/gruporeforest.webs.upv.es\/index.php\/wp-json\/wp\/v2\/pages"}],"about":[{"href":"https:\/\/gruporeforest.webs.upv.es\/index.php\/wp-json\/wp\/v2\/types\/page"}],"author":[{"embeddable":true,"href":"https:\/\/gruporeforest.webs.upv.es\/index.php\/wp-json\/wp\/v2\/users\/1"}],"replies":[{"embeddable":true,"href":"https:\/\/gruporeforest.webs.upv.es\/index.php\/wp-json\/wp\/v2\/comments?post=140"}],"version-history":[{"count":14,"href":"https:\/\/gruporeforest.webs.upv.es\/index.php\/wp-json\/wp\/v2\/pages\/140\/revisions"}],"predecessor-version":[{"id":312,"href":"https:\/\/gruporeforest.webs.upv.es\/index.php\/wp-json\/wp\/v2\/pages\/140\/revisions\/312"}],"wp:attachment":[{"href":"https:\/\/gruporeforest.webs.upv.es\/index.php\/wp-json\/wp\/v2\/media?parent=140"}],"curies":[{"name":"wp","href":"https:\/\/api.w.org\/{rel}","templated":true}]}}