{"id":385,"date":"2024-04-19T11:19:22","date_gmt":"2024-04-19T10:19:22","guid":{"rendered":"https:\/\/gruporeforest.webs.upv.es\/?page_id=385"},"modified":"2024-04-19T11:42:31","modified_gmt":"2024-04-19T10:42:31","slug":"salam-med","status":"publish","type":"page","link":"https:\/\/gruporeforest.webs.upv.es\/index.php\/salam-med\/","title":{"rendered":"SALAM-MED"},"content":{"rendered":"\t\t<div data-elementor-type=\"wp-page\" data-elementor-id=\"385\" class=\"elementor elementor-385\">\n\t\t\t\t\t\t<section class=\"elementor-section elementor-top-section elementor-element elementor-element-ae7d85a elementor-section-boxed elementor-section-height-default elementor-section-height-default\" data-id=\"ae7d85a\" data-element_type=\"section\" data-e-type=\"section\">\n\t\t\t\t\t\t<div class=\"elementor-container elementor-column-gap-default\">\n\t\t\t\t\t<div class=\"elementor-column elementor-col-100 elementor-top-column elementor-element elementor-element-156517c\" data-id=\"156517c\" data-element_type=\"column\" data-e-type=\"column\">\n\t\t\t<div class=\"elementor-widget-wrap elementor-element-populated\">\n\t\t\t\t\t\t<div class=\"elementor-element elementor-element-0573183 elementor-widget elementor-widget-heading\" data-id=\"0573183\" data-element_type=\"widget\" data-e-type=\"widget\" data-widget_type=\"heading.default\">\n\t\t\t\t<div class=\"elementor-widget-container\">\n\t\t\t\t\t<h2 class=\"elementor-heading-title elementor-size-default\">Salam-Med\n\n<\/h2>\t\t\t\t<\/div>\n\t\t\t\t<\/div>\n\t\t\t\t\t<\/div>\n\t\t<\/div>\n\t\t\t\t\t<\/div>\n\t\t<\/section>\n\t\t\t\t<section class=\"elementor-section elementor-top-section elementor-element elementor-element-cc6b159 elementor-section-boxed elementor-section-height-default elementor-section-height-default\" data-id=\"cc6b159\" data-element_type=\"section\" data-e-type=\"section\">\n\t\t\t\t\t\t<div class=\"elementor-container elementor-column-gap-default\">\n\t\t\t\t\t<div class=\"elementor-column elementor-col-100 elementor-top-column elementor-element elementor-element-eec593e\" data-id=\"eec593e\" data-element_type=\"column\" data-e-type=\"column\">\n\t\t\t<div class=\"elementor-widget-wrap elementor-element-populated\">\n\t\t\t\t\t\t<div class=\"elementor-element elementor-element-547384e elementor-widget elementor-widget-heading\" data-id=\"547384e\" data-element_type=\"widget\" data-e-type=\"widget\" data-widget_type=\"heading.default\">\n\t\t\t\t<div class=\"elementor-widget-container\">\n\t\t\t\t\t<h2 class=\"elementor-heading-title elementor-size-default\"><b>S<\/b>uitainable <b>A<\/b>pproaches to <b>LA<\/b>nd and water Management in <b>ME<\/b>diterranean <b>D<\/b>rylands.\n\n<\/h2>\t\t\t\t<\/div>\n\t\t\t\t<\/div>\n\t\t\t\t\t<\/div>\n\t\t<\/div>\n\t\t\t\t\t<\/div>\n\t\t<\/section>\n\t\t\t\t<section class=\"elementor-section elementor-top-section elementor-element elementor-element-0991f08 elementor-section-boxed elementor-section-height-default elementor-section-height-default\" data-id=\"0991f08\" data-element_type=\"section\" data-e-type=\"section\">\n\t\t\t\t\t\t<div class=\"elementor-container elementor-column-gap-default\">\n\t\t\t\t\t<div class=\"elementor-column elementor-col-100 elementor-top-column elementor-element elementor-element-0428ac8\" data-id=\"0428ac8\" data-element_type=\"column\" data-e-type=\"column\">\n\t\t\t<div class=\"elementor-widget-wrap elementor-element-populated\">\n\t\t\t\t\t\t<section class=\"elementor-section elementor-inner-section elementor-element elementor-element-0291d89 elementor-section-boxed elementor-section-height-default elementor-section-height-default\" data-id=\"0291d89\" data-element_type=\"section\" data-e-type=\"section\">\n\t\t\t\t\t\t<div class=\"elementor-container elementor-column-gap-default\">\n\t\t\t\t\t<div class=\"elementor-column elementor-col-50 elementor-inner-column elementor-element elementor-element-9f2edfa\" data-id=\"9f2edfa\" data-element_type=\"column\" data-e-type=\"column\">\n\t\t\t<div class=\"elementor-widget-wrap elementor-element-populated\">\n\t\t\t\t\t\t<div class=\"elementor-element elementor-element-0a07472 elementor-widget__width-initial elementor-widget elementor-widget-text-editor\" data-id=\"0a07472\" data-element_type=\"widget\" data-e-type=\"widget\" data-widget_type=\"text-editor.default\">\n\t\t\t\t<div class=\"elementor-widget-container\">\n\t\t\t\t\t\t\t\t\t<p><strong><img fetchpriority=\"high\" decoding=\"async\" class=\"aligncenter wp-image-390 size-full\" src=\"https:\/\/gruporeforest.webs.upv.es\/wp-content\/uploads\/2024\/04\/Salam_med-10-e1713521520829.png\" alt=\"\" width=\"781\" height=\"279\" srcset=\"https:\/\/gruporeforest.webs.upv.es\/wp-content\/uploads\/2024\/04\/Salam_med-10-e1713521520829.png 781w, https:\/\/gruporeforest.webs.upv.es\/wp-content\/uploads\/2024\/04\/Salam_med-10-e1713521520829-300x107.png 300w, https:\/\/gruporeforest.webs.upv.es\/wp-content\/uploads\/2024\/04\/Salam_med-10-e1713521520829-768x274.png 768w\" sizes=\"(max-width: 781px) 100vw, 781px\" \/><\/strong><\/p><p><strong>E<\/strong><strong style=\"font-size: 1em;\">stado<\/strong><span style=\"font-size: 1em;\">: Activo<\/span><\/p><p><strong>Periodo de referencia<\/strong>: 1 abril 2022 &#8211; 28 febrero 2025<\/p><p><strong>Financiado por<\/strong>: Prima \u2013 Section 1 Call 2021 \u2013 Water Management<\/p><p>\u00a0<\/p>\t\t\t\t\t\t\t\t<\/div>\n\t\t\t\t<\/div>\n\t\t\t\t<div class=\"elementor-element elementor-element-57dace3 elementor-align-center elementor-widget elementor-widget-button\" data-id=\"57dace3\" data-element_type=\"widget\" data-e-type=\"widget\" data-widget_type=\"button.default\">\n\t\t\t\t<div class=\"elementor-widget-container\">\n\t\t\t\t\t\t\t\t\t<div class=\"elementor-button-wrapper\">\n\t\t\t\t\t<a class=\"elementor-button elementor-button-link elementor-size-sm\" href=\"https:\/\/www.salam-med.org\/\">\n\t\t\t\t\t\t<span class=\"elementor-button-content-wrapper\">\n\t\t\t\t\t\t\t\t\t<span class=\"elementor-button-text\">M\u00e1s sobre el proyecto<\/span>\n\t\t\t\t\t<\/span>\n\t\t\t\t\t<\/a>\n\t\t\t\t<\/div>\n\t\t\t\t\t\t\t\t<\/div>\n\t\t\t\t<\/div>\n\t\t\t\t<div class=\"elementor-element elementor-element-1a98640 elementor-shape-rounded elementor-grid-0 e-grid-align-center elementor-widget elementor-widget-social-icons\" data-id=\"1a98640\" data-element_type=\"widget\" data-e-type=\"widget\" data-widget_type=\"social-icons.default\">\n\t\t\t\t<div class=\"elementor-widget-container\">\n\t\t\t\t\t\t\t<div class=\"elementor-social-icons-wrapper elementor-grid\" role=\"list\">\n\t\t\t\t\t\t\t<span class=\"elementor-grid-item\" role=\"listitem\">\n\t\t\t\t\t<a class=\"elementor-icon elementor-social-icon elementor-social-icon-facebook elementor-repeater-item-eb1d315\" href=\"https:\/\/www.facebook.com\/SalammedUniss\" target=\"_blank\">\n\t\t\t\t\t\t<span class=\"elementor-screen-only\">Facebook<\/span>\n\t\t\t\t\t\t<i aria-hidden=\"true\" class=\"fab fa-facebook\"><\/i>\t\t\t\t\t<\/a>\n\t\t\t\t<\/span>\n\t\t\t\t\t\t\t<span class=\"elementor-grid-item\" role=\"listitem\">\n\t\t\t\t\t<a class=\"elementor-icon elementor-social-icon elementor-social-icon-youtube elementor-repeater-item-262f1c0\" href=\"https:\/\/www.youtube.com\/channel\/UC5FNb_EnblkqZMZJSeJN9ZA\" target=\"_blank\">\n\t\t\t\t\t\t<span class=\"elementor-screen-only\">Youtube<\/span>\n\t\t\t\t\t\t<i aria-hidden=\"true\" class=\"fab fa-youtube\"><\/i>\t\t\t\t\t<\/a>\n\t\t\t\t<\/span>\n\t\t\t\t\t<\/div>\n\t\t\t\t\t\t<\/div>\n\t\t\t\t<\/div>\n\t\t\t\t\t<\/div>\n\t\t<\/div>\n\t\t\t\t<div class=\"elementor-column elementor-col-50 elementor-inner-column elementor-element elementor-element-004775c\" data-id=\"004775c\" data-element_type=\"column\" data-e-type=\"column\">\n\t\t\t<div class=\"elementor-widget-wrap elementor-element-populated\">\n\t\t\t\t\t\t<div class=\"elementor-element elementor-element-7001ff1 elementor-widget__width-initial elementor-widget elementor-widget-text-editor\" data-id=\"7001ff1\" data-element_type=\"widget\" data-e-type=\"widget\" data-widget_type=\"text-editor.default\">\n\t\t\t\t<div class=\"elementor-widget-container\">\n\t\t\t\t\t\t\t\t\t<p>La degradaci\u00f3n del suelo y la desertificaci\u00f3n en los sistemas socioecol\u00f3gicos mediterr\u00e1neos secos son el resultado del acoplamiento estructural de procesos ecol\u00f3gicos y socioecon\u00f3micos, en \u00e1reas donde las crecientes presiones clim\u00e1ticas se combinan con una d\u00e9bil capacidad adaptativa.<\/p><p>SALAM-MED se basa en una <b>red interdisciplinaria<\/b> de organizaciones de investigaci\u00f3n, ONG, PYME y organizaciones internacionales, con actividades colaborativas de larga data en todo el MED. El consorcio est\u00e1 liderado por el Centro de Investigaci\u00f3n sobre Desertificaci\u00f3n de la Universidad de Sassari y est\u00e1 compuesto por un equipo multidisciplinario de 15 socios de 8 pa\u00edses del MED.<\/p><p>Las <b>hip\u00f3tesis subyacentes<\/b> de SALAM-MED son que:<\/p><ul><li>Se necesita un <b>enfoque integrado<\/b> para restaurar tierras degradadas y mejorar la resiliencia en sistemas socioecol\u00f3gicos \u00e1ridos en peligro.<\/li><li>Al combinar evaluaciones de ecosistemas de arriba hacia abajo con procesos de capacidad de abajo hacia arriba basados en el aprendizaje social, podemos <b>generar oportunidades para las comunidades locales, las mujeres y los j\u00f3venes<\/b>.<\/li><li>Las innovaciones sist\u00e9micas son respaldadas por <b>nuevas herramientas, tecnolog\u00edas y servicios<\/b> que respaldan decisiones oportunas, donde la fertilidad del suelo y la conservaci\u00f3n del agua son las mejores opciones para inversiones a largo plazo y oportunidades comerciales.<\/li><li>El \u00e1rea del MED es un mosaico de una amplia gama de contextos diferentes: <b>se necesitan soluciones adaptadas para impulsar el desarrollo sostenible y prevenir conflictos ambientales<\/b>.<\/li><\/ul><div><p>El proyecto tiene como objetivos <b>identificar, probar y validar soluciones pr\u00e1cticas adaptadas y basadas en la naturaleza<\/b> para mejorar la resiliencia de los sistemas socioecol\u00f3gicos \u00e1ridos del Mediterr\u00e1neo en peligro, as\u00ed como para <b>restaurar ecosistemas degradados en tierras \u00e1ridas e hiper\u00e1ridas<\/b>. Adem\u00e1s, busca mejorar la capacidad y <b>apoyar a los tomadores de decisiones<\/b> en la identificaci\u00f3n de soluciones pr\u00e1cticas para la gesti\u00f3n sostenible de tierras y agua en distritos rurales relevantes de las tierras \u00e1ridas del Mediterr\u00e1neo. Se pretende <b>involucrar activamente a todas las partes interesadas relevantes<\/b>, especialmente a <b>mujeres<\/b> y <b>j\u00f3venes<\/b>, en los procesos de <b>Living Lab <\/b>para la co-creaci\u00f3n de conocimiento y prueba de soluciones. Asimismo, se busca <b>generar nuevas oportunidades de inversi\u00f3n y negocio<\/b> para la gesti\u00f3n sostenible de tierras y agua.<\/p><p>El marco anal\u00edtico que informa el camino de investigaci\u00f3n de SALAM-MED se basa en cuatro pilares que sostienen una pr\u00e1ctica de investigaci\u00f3n sist\u00e9mica y transdisciplinaria:<\/p><ul><li>El enfoque LL para procesos de <b>aprendizaje social<\/b> en seis laboratorios vivientes ubicados en &#8216;puntos cr\u00edticos&#8217; de degradaci\u00f3n de tierras (LD) en todo el MED: Italia, Espa\u00f1a, Grecia, Marruecos, Egipto y T\u00fanez.<\/li><li>La <b>co-investigaci\u00f3n y mejora de nuevas tecnolog\u00edas<\/b> establecidas para la gesti\u00f3n sostenible de tierras y agua al cerrar brechas en el conocimiento cient\u00edfico sobre procesos relacionados con el agua que causan degradaci\u00f3n de tierras en diferentes contextos de tierras secas.<\/li><li>Explorar, identificar y probar <b>oportunidades comerciales<\/b>, basadas en un an\u00e1lisis extendido de costos y beneficios.<\/li><li><b>Diseminar y escalar <\/b>los resultados y soluciones pr\u00e1cticas de SALAM-MED a sistemas socioecol\u00f3gicos similares.<\/li><\/ul><p>Se espera que el proyecto genere soluciones pr\u00e1cticas para abordar la degradaci\u00f3n de tierras, agua y agroecosistemas, as\u00ed como herramientas de apoyo a la toma de decisiones y formulaci\u00f3n de pol\u00edticas para enfrentar los desaf\u00edos relacionados con la degradaci\u00f3n de tierras y agua. Adem\u00e1s, se buscar\u00e1 crear oportunidades de inversi\u00f3n para promover la adopci\u00f3n de pr\u00e1cticas de gesti\u00f3n sostenible de tierras.<\/p><\/div>\t\t\t\t\t\t\t\t<\/div>\n\t\t\t\t<\/div>\n\t\t\t\t\t<\/div>\n\t\t<\/div>\n\t\t\t\t\t<\/div>\n\t\t<\/section>\n\t\t\t\t\t<\/div>\n\t\t<\/div>\n\t\t\t\t\t<\/div>\n\t\t<\/section>\n\t\t\t\t<section class=\"elementor-section elementor-top-section elementor-element elementor-element-0fa95d3 elementor-section-boxed elementor-section-height-default elementor-section-height-default\" data-id=\"0fa95d3\" data-element_type=\"section\" data-e-type=\"section\">\n\t\t\t\t\t\t<div class=\"elementor-container elementor-column-gap-default\">\n\t\t\t\t\t<div class=\"elementor-column elementor-col-100 elementor-top-column elementor-element elementor-element-4a493b7\" data-id=\"4a493b7\" data-element_type=\"column\" data-e-type=\"column\">\n\t\t\t<div class=\"elementor-widget-wrap elementor-element-populated\">\n\t\t\t\t\t\t<div class=\"elementor-element elementor-element-942f179 elementor-widget elementor-widget-text-editor\" data-id=\"942f179\" data-element_type=\"widget\" data-e-type=\"widget\" data-widget_type=\"text-editor.default\">\n\t\t\t\t<div class=\"elementor-widget-container\">\n\t\t\t\t\t\t\t\t\t<p><img decoding=\"async\" class=\"wp-image-391 aligncenter\" src=\"https:\/\/gruporeforest.webs.upv.es\/wp-content\/uploads\/2024\/04\/prima-logo-hor-300x100.jpg\" alt=\"\" width=\"204\" height=\"68\" srcset=\"https:\/\/gruporeforest.webs.upv.es\/wp-content\/uploads\/2024\/04\/prima-logo-hor-300x100.jpg 300w, https:\/\/gruporeforest.webs.upv.es\/wp-content\/uploads\/2024\/04\/prima-logo-hor-1024x341.jpg 1024w, https:\/\/gruporeforest.webs.upv.es\/wp-content\/uploads\/2024\/04\/prima-logo-hor-768x256.jpg 768w, https:\/\/gruporeforest.webs.upv.es\/wp-content\/uploads\/2024\/04\/prima-logo-hor.jpg 1200w\" sizes=\"(max-width: 204px) 100vw, 204px\" \/><\/p>\t\t\t\t\t\t\t\t<\/div>\n\t\t\t\t<\/div>\n\t\t\t\t\t<\/div>\n\t\t<\/div>\n\t\t\t\t\t<\/div>\n\t\t<\/section>\n\t\t\t\t<\/div>\n\t\t","protected":false},"excerpt":{"rendered":"<p>Salam-Med Suitainable Approaches to LAnd and water Management in MEditerranean Drylands. Estado: Activo Periodo de referencia: 1 abril 2022 &#8211; 28 febrero 2025 Financiado por: Prima \u2013 Section 1 Call 2021 \u2013 Water Management \u00a0 M\u00e1s sobre el proyecto Facebook Youtube La degradaci\u00f3n del suelo y la desertificaci\u00f3n en los sistemas socioecol\u00f3gicos mediterr\u00e1neos secos son&hellip;<\/p>\n","protected":false},"author":3,"featured_media":0,"parent":0,"menu_order":0,"comment_status":"closed","ping_status":"closed","template":"","meta":{"footnotes":""},"class_list":["post-385","page","type-page","status-publish","hentry"],"_links":{"self":[{"href":"https:\/\/gruporeforest.webs.upv.es\/index.php\/wp-json\/wp\/v2\/pages\/385","targetHints":{"allow":["GET"]}}],"collection":[{"href":"https:\/\/gruporeforest.webs.upv.es\/index.php\/wp-json\/wp\/v2\/pages"}],"about":[{"href":"https:\/\/gruporeforest.webs.upv.es\/index.php\/wp-json\/wp\/v2\/types\/page"}],"author":[{"embeddable":true,"href":"https:\/\/gruporeforest.webs.upv.es\/index.php\/wp-json\/wp\/v2\/users\/3"}],"replies":[{"embeddable":true,"href":"https:\/\/gruporeforest.webs.upv.es\/index.php\/wp-json\/wp\/v2\/comments?post=385"}],"version-history":[{"count":12,"href":"https:\/\/gruporeforest.webs.upv.es\/index.php\/wp-json\/wp\/v2\/pages\/385\/revisions"}],"predecessor-version":[{"id":405,"href":"https:\/\/gruporeforest.webs.upv.es\/index.php\/wp-json\/wp\/v2\/pages\/385\/revisions\/405"}],"wp:attachment":[{"href":"https:\/\/gruporeforest.webs.upv.es\/index.php\/wp-json\/wp\/v2\/media?parent=385"}],"curies":[{"name":"wp","href":"https:\/\/api.w.org\/{rel}","templated":true}]}}