{"id":436,"date":"2024-05-07T14:29:52","date_gmt":"2024-05-07T13:29:52","guid":{"rendered":"https:\/\/gruporeforest.webs.upv.es\/?page_id=436"},"modified":"2024-05-08T08:04:16","modified_gmt":"2024-05-08T07:04:16","slug":"inicio","status":"publish","type":"page","link":"https:\/\/gruporeforest.webs.upv.es\/","title":{"rendered":"Grupo I+D Re-ForeST"},"content":{"rendered":"\t\t<div data-elementor-type=\"wp-page\" data-elementor-id=\"436\" class=\"elementor elementor-436\">\n\t\t\t\t\t\t<section class=\"elementor-section elementor-top-section elementor-element elementor-element-16f160c elementor-section-boxed elementor-section-height-default elementor-section-height-default\" data-id=\"16f160c\" data-element_type=\"section\" data-e-type=\"section\">\n\t\t\t\t\t\t<div class=\"elementor-container elementor-column-gap-default\">\n\t\t\t\t\t<div class=\"elementor-column elementor-col-100 elementor-top-column elementor-element elementor-element-9b46549\" data-id=\"9b46549\" data-element_type=\"column\" data-e-type=\"column\">\n\t\t\t<div class=\"elementor-widget-wrap elementor-element-populated\">\n\t\t\t\t\t\t<div class=\"elementor-element elementor-element-0aeb982 elementor-arrows-position-inside elementor-pagination-position-outside elementor-widget elementor-widget-image-carousel\" data-id=\"0aeb982\" data-element_type=\"widget\" data-e-type=\"widget\" data-settings=\"{&quot;slides_to_show&quot;:&quot;1&quot;,&quot;navigation&quot;:&quot;both&quot;,&quot;autoplay&quot;:&quot;yes&quot;,&quot;pause_on_hover&quot;:&quot;yes&quot;,&quot;pause_on_interaction&quot;:&quot;yes&quot;,&quot;autoplay_speed&quot;:5000,&quot;infinite&quot;:&quot;yes&quot;,&quot;effect&quot;:&quot;slide&quot;,&quot;speed&quot;:500}\" data-widget_type=\"image-carousel.default\">\n\t\t\t\t<div class=\"elementor-widget-container\">\n\t\t\t\t\t\t\t<div class=\"elementor-image-carousel-wrapper swiper\" role=\"region\" aria-roledescription=\"carousel\" aria-label=\"Carrusel de im\u00e1genes\" dir=\"ltr\">\n\t\t\t<div class=\"elementor-image-carousel swiper-wrapper\" aria-live=\"off\">\n\t\t\t\t\t\t\t\t<div class=\"swiper-slide\" role=\"group\" aria-roledescription=\"slide\" aria-label=\"1 de 7\"><figure class=\"swiper-slide-inner\"><img decoding=\"async\" class=\"swiper-slide-image\" src=\"https:\/\/gruporeforest.webs.upv.es\/wp-content\/uploads\/elementor\/thumbs\/IMG_20210928_145654_1632838377977-scaled-qnt8g07ep7xnq204uhvv4b8njzzeshrdi1x7mkx0nc.jpg\" alt=\"IMG_20210928_145654_1632838377977\" \/><\/figure><\/div><div class=\"swiper-slide\" role=\"group\" aria-roledescription=\"slide\" aria-label=\"2 de 7\"><figure class=\"swiper-slide-inner\"><img decoding=\"async\" class=\"swiper-slide-image\" src=\"https:\/\/gruporeforest.webs.upv.es\/wp-content\/uploads\/elementor\/thumbs\/IMG_20200909_164022-scaled-qnt8fwg1xvsifm5lgg9cuc6t6ghxxpcg5jb9ph2lc8.jpg\" alt=\"IMG_20200909_164022\" \/><\/figure><\/div><div class=\"swiper-slide\" role=\"group\" aria-roledescription=\"slide\" aria-label=\"3 de 7\"><figure class=\"swiper-slide-inner\"><img decoding=\"async\" class=\"swiper-slide-image\" src=\"https:\/\/gruporeforest.webs.upv.es\/wp-content\/uploads\/elementor\/thumbs\/IMG_9016-scaled-qnt6zd8rz7vlk6go7qrzhlfdz7ffqosi9iqc4qyp3c.jpeg\" alt=\"IMG_9016\" \/><\/figure><\/div><div class=\"swiper-slide\" role=\"group\" aria-roledescription=\"slide\" aria-label=\"4 de 7\"><figure class=\"swiper-slide-inner\"><img decoding=\"async\" class=\"swiper-slide-image\" src=\"https:\/\/gruporeforest.webs.upv.es\/wp-content\/uploads\/elementor\/thumbs\/WhatsApp-Image-2024-02-12-at-18.28.41-2-qnt8gjy0oqoohv7gn8f12o9c13a4a4xqkrmepe3r0o.jpeg\" alt=\"WhatsApp Image 2024-02-12 at 18.28.41 (2)\" \/><\/figure><\/div><div class=\"swiper-slide\" role=\"group\" aria-roledescription=\"slide\" aria-label=\"5 de 7\"><figure class=\"swiper-slide-inner\"><img decoding=\"async\" class=\"swiper-slide-image\" src=\"https:\/\/gruporeforest.webs.upv.es\/wp-content\/uploads\/elementor\/thumbs\/IMG_20220802_111622-scaled-qnt8g30x9q1iovw1e13qtsj1c5lifl2kifvo2esu4o.jpg\" alt=\"IMG_20220802_111622\" \/><\/figure><\/div><div class=\"swiper-slide\" role=\"group\" aria-roledescription=\"slide\" aria-label=\"6 de 7\"><figure class=\"swiper-slide-inner\"><img decoding=\"async\" class=\"swiper-slide-image\" src=\"https:\/\/gruporeforest.webs.upv.es\/wp-content\/uploads\/elementor\/thumbs\/IMG_4922-scaled-qnt8fl5znvd2kalzabdu0f1a1u1jdc3o3zhfy5jbew.jpg\" alt=\"IMG_4922\" \/><\/figure><\/div><div class=\"swiper-slide\" role=\"group\" aria-roledescription=\"slide\" aria-label=\"7 de 7\"><figure class=\"swiper-slide-inner\"><img decoding=\"async\" class=\"swiper-slide-image\" src=\"https:\/\/gruporeforest.webs.upv.es\/wp-content\/uploads\/elementor\/thumbs\/WhatsApp-Image-2024-04-18-at-16.51.46-qnt6zh04qk0qumb7lsehrkh8cqwwlh7fm1ca1ut4eg.jpeg\" alt=\"WhatsApp Image 2024-04-18 at 16.51.46\" \/><\/figure><\/div>\t\t\t<\/div>\n\t\t\t\t\t\t\t\t\t\t\t\t<div class=\"elementor-swiper-button elementor-swiper-button-prev\" role=\"button\" tabindex=\"0\">\n\t\t\t\t\t\t<i aria-hidden=\"true\" class=\"eicon-chevron-left\"><\/i>\t\t\t\t\t<\/div>\n\t\t\t\t\t<div class=\"elementor-swiper-button elementor-swiper-button-next\" role=\"button\" tabindex=\"0\">\n\t\t\t\t\t\t<i aria-hidden=\"true\" class=\"eicon-chevron-right\"><\/i>\t\t\t\t\t<\/div>\n\t\t\t\t\n\t\t\t\t\t\t\t\t\t<div class=\"swiper-pagination\"><\/div>\n\t\t\t\t\t\t\t\t\t<\/div>\n\t\t\t\t\t\t<\/div>\n\t\t\t\t<\/div>\n\t\t\t\t<div class=\"elementor-element elementor-element-2296fd5 elementor-widget elementor-widget-text-editor\" data-id=\"2296fd5\" data-element_type=\"widget\" data-e-type=\"widget\" data-widget_type=\"text-editor.default\">\n\t\t\t\t<div class=\"elementor-widget-container\">\n\t\t\t\t\t\t\t\t\t<p>El grupo de investigaci\u00f3n est\u00e1 compuesto por personal de la UPV que tienen como nexo com\u00fan la investigaci\u00f3n en materia forestal y ambiental, desde sus bases ecol\u00f3gicas hasta el producto final. Los objetivos del grupo son los siguientes:\u00a0<\/p><ol><li>Crear una estructura com\u00fan que agrupe a investigadores en materia forestal-ambiental de la UPV, hasta ahora dispersos.<\/li><li>Crear una referencia en materia de investigaci\u00f3n forestal-ambiental en la Universidad Polit\u00e9cnica de Valencia, de modo que se facilite, por un lado, el flujo de informaci\u00f3n e iniciativas investigadoras entre los integrantes, y por otro, la difusi\u00f3n de las actividades y resultados al exterior (UPV, sociedad valenciana, mundo acad\u00e9mico y cient\u00edfico, etc.)<\/li><li>Ofrecer los servicios de esta estructura a posibles alumnos interesados en investigaci\u00f3n forestal: acceso a laboratorios, viveros y otras infraestructuras, formaci\u00f3n de posgrado espec\u00edfica, realizaci\u00f3n de tesis doctorales y otros trabajos de investigaci\u00f3n, etc.<\/li><li>Mejorar la competitividad en la participaci\u00f3n en convocatorias p\u00fablicas de investigaci\u00f3n y desarrollo.<\/li><li>Facilitar los nexos con otros grupos de investigaci\u00f3n.<\/li><\/ol><p>Desde su formaci\u00f3n, Re-ForeST ha acumulado una amplia experiencia en gesti\u00f3n forestal, restauraci\u00f3n forestal despu\u00e9s de incendios, impactos del cambio clim\u00e1tico y adaptaci\u00f3n, hidrolog\u00eda de cuencas semir\u00e1ridas, relaciones planta-suelo-atm\u00f3sfera, nexo agua-fuego-carbono-clima, y din\u00e1micas de carbono y nitr\u00f3geno en el suelo. El personal ha trabajado en colaboraci\u00f3n con empresas privadas y organizaciones p\u00fablicas y han participado en numerosos programas europeos como INTERREG, 4\u00ba, 5\u00ba, 6\u00ba y 7\u00ba Programa Marco, ERANET, LIFE, Climate-KIC y H2020.<\/p><p>Hemos desarrollado una metodolog\u00eda integral para estudiar y mejorar el proceso de restauraci\u00f3n, centr\u00e1ndose as\u00ed en los diferentes controles de calidad y el seguimiento de las acciones. Esto permite abordar mejor las causas del fracaso en las plantaciones, ya sean de origen antropog\u00e9nico o ambiental, un enfoque ahora utilizado por la Administraci\u00f3n Forestal Valenciana. De igual modo, en la l\u00ednea de investigaci\u00f3n de ecohidrolog\u00eda y adaptaci\u00f3n forestal al cambio clim\u00e1tico, la investigaci\u00f3n se basa en la necesidad de incorporar mejor la informaci\u00f3n y los criterios ecohidrol\u00f3gicos en la planificaci\u00f3n y gesti\u00f3n forestal. Al unir la gesti\u00f3n forestal con procesos de agua, carbono, fuego y resiliencia, y sus mutuas relaciones e interconexiones, se obtiene una mejor cuantificaci\u00f3n y gesti\u00f3n de los servicios ecosist\u00e9micos que brindan los bosques, adem\u00e1s de ayudar a hacer frente a los impactos del cambio clim\u00e1tico. La manipulaci\u00f3n y optimizaci\u00f3n de estas complejas interacciones a trav\u00e9s de la gesti\u00f3n forestal puede desempe\u00f1ar un papel crucial para alcanzar los retos y objetivos actuales en desarrollo sostenible y soluciones basadas en la naturaleza. Este enfoque contribuye a conectar mejor los bosques y la silvicultura con otros sistemas ambientales y humanos en contextos socio-ecol\u00f3gicos m\u00e1s amplios.<\/p><p>Re-ForeST cuenta con varios sitios de investigaci\u00f3n instrumentados en diferentes contextos forestales en Espa\u00f1a. El concepto clave en los observatorios de la UPV es el v\u00ednculo de procesos ecohidrol\u00f3gicos (agua, sedimento, perturbaciones, suelo, planta y nutrientes) y su escalamiento a trav\u00e9s del modelado desde la planta hasta la gran cuenca, considerando las escalas de planta (1-100 m\u00b2), ladera-parcela (500-10,000 m\u00b2) y subcuenca (1-10 km\u00b2). El equipo t\u00e9cnico consta de numerosos instrumentos y sensores (m\u00e1s de 100 por sitio experimental) que registran de manera continua variables ecohidrol\u00f3gicas (sensores de flujo de savia, humedad del suelo, estaci\u00f3n meteorol\u00f3gica, piez\u00f3metros, colectores de escorrent\u00eda, sonda de rayos c\u00f3smicos, etc.). Para una descripci\u00f3n detallada de los instrumentos y la infraestructura, consulte los siguientes DOI: 10.1016\/j.foreco.2020.118781, 10.3389\/frwa.2020.552508, 10.1016\/j.foreco.2019.02.020, 10.1016\/j.jhydrol.2018.08.013.<\/p>\t\t\t\t\t\t\t\t<\/div>\n\t\t\t\t<\/div>\n\t\t\t\t\t<\/div>\n\t\t<\/div>\n\t\t\t\t\t<\/div>\n\t\t<\/section>\n\t\t\t\t<\/div>\n\t\t","protected":false},"excerpt":{"rendered":"<p>El grupo de investigaci\u00f3n est\u00e1 compuesto por personal de la UPV que tienen como nexo com\u00fan la investigaci\u00f3n en materia forestal y ambiental, desde sus bases ecol\u00f3gicas hasta el producto final. Los objetivos del grupo son los siguientes:\u00a0 Crear una estructura com\u00fan que agrupe a investigadores en materia forestal-ambiental de la UPV, hasta ahora dispersos.&hellip;<\/p>\n","protected":false},"author":3,"featured_media":0,"parent":0,"menu_order":0,"comment_status":"closed","ping_status":"closed","template":"","meta":{"footnotes":""},"class_list":["post-436","page","type-page","status-publish","hentry"],"_links":{"self":[{"href":"https:\/\/gruporeforest.webs.upv.es\/index.php\/wp-json\/wp\/v2\/pages\/436","targetHints":{"allow":["GET"]}}],"collection":[{"href":"https:\/\/gruporeforest.webs.upv.es\/index.php\/wp-json\/wp\/v2\/pages"}],"about":[{"href":"https:\/\/gruporeforest.webs.upv.es\/index.php\/wp-json\/wp\/v2\/types\/page"}],"author":[{"embeddable":true,"href":"https:\/\/gruporeforest.webs.upv.es\/index.php\/wp-json\/wp\/v2\/users\/3"}],"replies":[{"embeddable":true,"href":"https:\/\/gruporeforest.webs.upv.es\/index.php\/wp-json\/wp\/v2\/comments?post=436"}],"version-history":[{"count":14,"href":"https:\/\/gruporeforest.webs.upv.es\/index.php\/wp-json\/wp\/v2\/pages\/436\/revisions"}],"predecessor-version":[{"id":503,"href":"https:\/\/gruporeforest.webs.upv.es\/index.php\/wp-json\/wp\/v2\/pages\/436\/revisions\/503"}],"wp:attachment":[{"href":"https:\/\/gruporeforest.webs.upv.es\/index.php\/wp-json\/wp\/v2\/media?parent=436"}],"curies":[{"name":"wp","href":"https:\/\/api.w.org\/{rel}","templated":true}]}}